{"id":7112,"date":"2025-11-07T11:11:27","date_gmt":"2025-11-07T11:11:27","guid":{"rendered":"https:\/\/eqco.ca\/?post_type=product&#038;p=7112"},"modified":"2026-01-29T20:03:10","modified_gmt":"2026-01-29T20:03:10","slug":"gala-des-grands-batisseurs-2026","status":"publish","type":"product","link":"https:\/\/eqco.ca\/en\/product\/gala-des-grands-batisseurs-2026\/","title":{"rendered":"Great Builders Gala 2026"},"content":{"rendered":"<p>The Great Builders Gala 2026<br \/>\nPowered by the Great Builders Evening and the EQCO event, the Gala has established itself as the most prestigious awards ceremony in Quebec for the construction industry. Held in the majestic setting of the Fairmont The Queen Elizabeth, this annual event will celebrate excellence, innovation, and leadership. Decision-makers, builders, leading professionals, and influential figures will gather for a memorable experience.<br \/>\nGuests will enjoy a high-end gastronomic experience, punctuated by an elegant, festive, and unforgettable program. Thirty (30) trophies will be awarded to recognize the vision, commitment, and achievements of those who are building the Quebec of today and tomorrow.<br \/>\nEvening&#039;s schedule:<br \/>\n5:00 p.m. to 7:00 p.m.: red carpet, cocktail, networking and live jazz trio; ;<br \/>\n7:00 p.m. to 7:30 p.m.: opening of the doors to the gala hall; ;<br \/>\n8:15 pm: welcome speech and official champagne toast; ;<br \/>\n8:30 p.m. to 10:00 p.m.: 4-course gourmet meal and awards ceremony; ;<br \/>\n10:00 PM: Dessert and coffee station; ;<br \/>\n10pm to midnight: open bar, DJ, artistic performances and extended networking.<br \/>\nAtmosphere and services:<br \/>\nHosted by Adam Reid, co-hosted by Hugo Girard and Kim Bruneau.<br \/>\nLive musical performance and DJ.<br \/>\nArtistic and circus performances between segments.<br \/>\nHigh-end staging: professional set design, sound, lighting and scenography.<br \/>\nPlace :<br \/>\nFairmont The Queen Elizabeth<br \/>\n 900 Ren\u00e9-L\u00e9vesque Boulevard West, Montreal, Quebec H3B 4A5<br \/>\nNOTES:<br \/>\nAll tickets purchased are final and non-refundable. However, in the event of a postponement, your tickets will automatically be valid for the new date.<\/p>","protected":false},"excerpt":{"rendered":"<p>The Great Builders Gala is a prestigious annual event that celebrates excellence, innovation and leadership in the construction industry in Quebec.<\/p>\n<p>The first edition, in 2026, marks the launch of a new tradition.<\/p>","protected":false},"author":1,"featured_media":7442,"template":"","meta":{"_acf_changed":false},"product_brand":[],"product_cat":[15],"product_tag":[],"class_list":{"0":"post-7112","1":"product","2":"type-product","3":"status-publish","4":"has-post-thumbnail","6":"product_cat-non-classe","8":"first","9":"instock","10":"taxable","11":"shipping-taxable","12":"purchasable","13":"product-type-variable","14":"has-default-attributes"},"acf":[],"yoast_head":"<!-- This site is optimized with the Yoast SEO plugin v26.5 - https:\/\/yoast.com\/wordpress\/plugins\/seo\/ -->\n<title>Gala des Grands B\u00e2tisseurs 2026 - EQCO 2026<\/title>\n<meta name=\"robots\" content=\"index, follow, max-snippet:-1, max-image-preview:large, max-video-preview:-1\" \/>\n<link rel=\"canonical\" href=\"https:\/\/eqco.ca\/en\/product\/gala-des-grands-batisseurs-2026\/\" \/>\n<meta property=\"og:locale\" content=\"en_US\" \/>\n<meta property=\"og:type\" content=\"article\" \/>\n<meta property=\"og:title\" content=\"Gala des Grands B\u00e2tisseurs 2026 - EQCO 2026\" \/>\n<meta property=\"og:description\" content=\"Le Gala des Grands B\u00e2tisseurs est un \u00e9v\u00e9nement annuel prestigieux qui c\u00e9l\u00e8bre l\u2019excellence, l\u2019innovation et le leadership dans l\u2019industrie de la construction au Qu\u00e9bec.  La premi\u00e8re \u00e9dition, en 2026, marque le lancement d\u2019une nouvelle tradition.\" \/>\n<meta property=\"og:url\" content=\"https:\/\/eqco.ca\/en\/product\/gala-des-grands-batisseurs-2026\/\" \/>\n<meta property=\"og:site_name\" content=\"EQCO 2026\" \/>\n<meta property=\"article:publisher\" content=\"https:\/\/www.facebook.com\/evenementseqco\" \/>\n<meta property=\"article:modified_time\" content=\"2026-01-29T20:03:10+00:00\" \/>\n<meta property=\"og:image\" content=\"https:\/\/eqco.ca\/wp-content\/uploads\/2025\/11\/WhatsApp-Image-2025-11-18-a-21_imgupscaler.ai_Beta_2K-1.jpg\" \/>\n\t<meta property=\"og:image:width\" content=\"2560\" \/>\n\t<meta property=\"og:image:height\" content=\"533\" \/>\n\t<meta property=\"og:image:type\" content=\"image\/jpeg\" \/>\n<meta name=\"twitter:card\" content=\"summary_large_image\" \/>\n<meta name=\"twitter:label1\" content=\"Est. reading time\" \/>\n\t<meta name=\"twitter:data1\" content=\"1 minute\" \/>\n<script type=\"application\/ld+json\" class=\"yoast-schema-graph\">{\"@context\":\"https:\/\/schema.org\",\"@graph\":[{\"@type\":\"WebPage\",\"@id\":\"https:\/\/eqco.ca\/en\/product\/gala-des-grands-batisseurs-2026\/\",\"url\":\"https:\/\/eqco.ca\/en\/product\/gala-des-grands-batisseurs-2026\/\",\"name\":\"Gala des Grands B\u00e2tisseurs 2026 - EQCO 2026\",\"isPartOf\":{\"@id\":\"https:\/\/eqco.ca\/#website\"},\"primaryImageOfPage\":{\"@id\":\"https:\/\/eqco.ca\/en\/product\/gala-des-grands-batisseurs-2026\/#primaryimage\"},\"image\":{\"@id\":\"https:\/\/eqco.ca\/en\/product\/gala-des-grands-batisseurs-2026\/#primaryimage\"},\"thumbnailUrl\":\"https:\/\/eqco.ca\/wp-content\/uploads\/2025\/11\/WhatsApp-Image-2025-11-18-a-21_imgupscaler.ai_Beta_2K-1.jpg\",\"datePublished\":\"2025-11-07T11:11:27+00:00\",\"dateModified\":\"2026-01-29T20:03:10+00:00\",\"breadcrumb\":{\"@id\":\"https:\/\/eqco.ca\/en\/product\/gala-des-grands-batisseurs-2026\/#breadcrumb\"},\"inLanguage\":\"en-US\",\"potentialAction\":[{\"@type\":\"ReadAction\",\"target\":[\"https:\/\/eqco.ca\/en\/product\/gala-des-grands-batisseurs-2026\/\"]}]},{\"@type\":\"ImageObject\",\"inLanguage\":\"en-US\",\"@id\":\"https:\/\/eqco.ca\/en\/product\/gala-des-grands-batisseurs-2026\/#primaryimage\",\"url\":\"https:\/\/eqco.ca\/wp-content\/uploads\/2025\/11\/WhatsApp-Image-2025-11-18-a-21_imgupscaler.ai_Beta_2K-1.jpg\",\"contentUrl\":\"https:\/\/eqco.ca\/wp-content\/uploads\/2025\/11\/WhatsApp-Image-2025-11-18-a-21_imgupscaler.ai_Beta_2K-1.jpg\",\"width\":2560,\"height\":533},{\"@type\":\"BreadcrumbList\",\"@id\":\"https:\/\/eqco.ca\/en\/product\/gala-des-grands-batisseurs-2026\/#breadcrumb\",\"itemListElement\":[{\"@type\":\"ListItem\",\"position\":1,\"name\":\"Home\",\"item\":\"https:\/\/eqco.ca\/\"},{\"@type\":\"ListItem\",\"position\":2,\"name\":\"Gala des Grands B\u00e2tisseurs 2026\"}]},{\"@type\":\"WebSite\",\"@id\":\"https:\/\/eqco.ca\/#website\",\"url\":\"https:\/\/eqco.ca\/\",\"name\":\"EQCO 2026\",\"description\":\"\",\"publisher\":{\"@id\":\"https:\/\/eqco.ca\/#organization\"},\"potentialAction\":[{\"@type\":\"SearchAction\",\"target\":{\"@type\":\"EntryPoint\",\"urlTemplate\":\"https:\/\/eqco.ca\/?s={search_term_string}\"},\"query-input\":{\"@type\":\"PropertyValueSpecification\",\"valueRequired\":true,\"valueName\":\"search_term_string\"}}],\"inLanguage\":\"en-US\"},{\"@type\":\"Organization\",\"@id\":\"https:\/\/eqco.ca\/#organization\",\"name\":\"EQCO 2026\",\"url\":\"https:\/\/eqco.ca\/\",\"logo\":{\"@type\":\"ImageObject\",\"inLanguage\":\"en-US\",\"@id\":\"https:\/\/eqco.ca\/#\/schema\/logo\/image\/\",\"url\":\"https:\/\/eqco.ca\/wp-content\/uploads\/2025\/11\/eqco.png\",\"contentUrl\":\"https:\/\/eqco.ca\/wp-content\/uploads\/2025\/11\/eqco.png\",\"width\":1200,\"height\":600,\"caption\":\"EQCO 2026\"},\"image\":{\"@id\":\"https:\/\/eqco.ca\/#\/schema\/logo\/image\/\"},\"sameAs\":[\"https:\/\/www.facebook.com\/evenementseqco\"]}]}<\/script>\n<!-- \/ Yoast SEO plugin. -->","yoast_head_json":{"title":"2026 Great Builders Gala - EQCO 2026","robots":{"index":"index","follow":"follow","max-snippet":"max-snippet:-1","max-image-preview":"max-image-preview:large","max-video-preview":"max-video-preview:-1"},"canonical":"https:\/\/eqco.ca\/en\/product\/gala-des-grands-batisseurs-2026\/","og_locale":"en_US","og_type":"article","og_title":"Gala des Grands B\u00e2tisseurs 2026 - EQCO 2026","og_description":"Le Gala des Grands B\u00e2tisseurs est un \u00e9v\u00e9nement annuel prestigieux qui c\u00e9l\u00e8bre l\u2019excellence, l\u2019innovation et le leadership dans l\u2019industrie de la construction au Qu\u00e9bec.  La premi\u00e8re \u00e9dition, en 2026, marque le lancement d\u2019une nouvelle tradition.","og_url":"https:\/\/eqco.ca\/en\/product\/gala-des-grands-batisseurs-2026\/","og_site_name":"EQCO 2026","article_publisher":"https:\/\/www.facebook.com\/evenementseqco","article_modified_time":"2026-01-29T20:03:10+00:00","og_image":[{"width":2560,"height":533,"url":"https:\/\/eqco.ca\/wp-content\/uploads\/2025\/11\/WhatsApp-Image-2025-11-18-a-21_imgupscaler.ai_Beta_2K-1.jpg","type":"image\/jpeg"}],"twitter_card":"summary_large_image","twitter_misc":{"Est. reading time":"1 minute"},"schema":{"@context":"https:\/\/schema.org","@graph":[{"@type":"WebPage","@id":"https:\/\/eqco.ca\/en\/product\/gala-des-grands-batisseurs-2026\/","url":"https:\/\/eqco.ca\/en\/product\/gala-des-grands-batisseurs-2026\/","name":"2026 Great Builders Gala - EQCO 2026","isPartOf":{"@id":"https:\/\/eqco.ca\/#website"},"primaryImageOfPage":{"@id":"https:\/\/eqco.ca\/en\/product\/gala-des-grands-batisseurs-2026\/#primaryimage"},"image":{"@id":"https:\/\/eqco.ca\/en\/product\/gala-des-grands-batisseurs-2026\/#primaryimage"},"thumbnailUrl":"https:\/\/eqco.ca\/wp-content\/uploads\/2025\/11\/WhatsApp-Image-2025-11-18-a-21_imgupscaler.ai_Beta_2K-1.jpg","datePublished":"2025-11-07T11:11:27+00:00","dateModified":"2026-01-29T20:03:10+00:00","breadcrumb":{"@id":"https:\/\/eqco.ca\/en\/product\/gala-des-grands-batisseurs-2026\/#breadcrumb"},"inLanguage":"en-US","potentialAction":[{"@type":"ReadAction","target":["https:\/\/eqco.ca\/en\/product\/gala-des-grands-batisseurs-2026\/"]}]},{"@type":"ImageObject","inLanguage":"en-US","@id":"https:\/\/eqco.ca\/en\/product\/gala-des-grands-batisseurs-2026\/#primaryimage","url":"https:\/\/eqco.ca\/wp-content\/uploads\/2025\/11\/WhatsApp-Image-2025-11-18-a-21_imgupscaler.ai_Beta_2K-1.jpg","contentUrl":"https:\/\/eqco.ca\/wp-content\/uploads\/2025\/11\/WhatsApp-Image-2025-11-18-a-21_imgupscaler.ai_Beta_2K-1.jpg","width":2560,"height":533},{"@type":"BreadcrumbList","@id":"https:\/\/eqco.ca\/en\/product\/gala-des-grands-batisseurs-2026\/#breadcrumb","itemListElement":[{"@type":"ListItem","position":1,"name":"Home","item":"https:\/\/eqco.ca\/"},{"@type":"ListItem","position":2,"name":"Gala des Grands B\u00e2tisseurs 2026"}]},{"@type":"WebSite","@id":"https:\/\/eqco.ca\/#website","url":"https:\/\/eqco.ca\/","name":"EQCO 2026","description":"","publisher":{"@id":"https:\/\/eqco.ca\/#organization"},"potentialAction":[{"@type":"SearchAction","target":{"@type":"EntryPoint","urlTemplate":"https:\/\/eqco.ca\/?s={search_term_string}"},"query-input":{"@type":"PropertyValueSpecification","valueRequired":true,"valueName":"search_term_string"}}],"inLanguage":"en-US"},{"@type":"Organization","@id":"https:\/\/eqco.ca\/#organization","name":"EQCO 2026","url":"https:\/\/eqco.ca\/","logo":{"@type":"ImageObject","inLanguage":"en-US","@id":"https:\/\/eqco.ca\/#\/schema\/logo\/image\/","url":"https:\/\/eqco.ca\/wp-content\/uploads\/2025\/11\/eqco.png","contentUrl":"https:\/\/eqco.ca\/wp-content\/uploads\/2025\/11\/eqco.png","width":1200,"height":600,"caption":"EQCO 2026"},"image":{"@id":"https:\/\/eqco.ca\/#\/schema\/logo\/image\/"},"sameAs":["https:\/\/www.facebook.com\/evenementseqco"]}]}},"_links":{"self":[{"href":"https:\/\/eqco.ca\/en\/wp-json\/wp\/v2\/product\/7112","targetHints":{"allow":["GET"]}}],"collection":[{"href":"https:\/\/eqco.ca\/en\/wp-json\/wp\/v2\/product"}],"about":[{"href":"https:\/\/eqco.ca\/en\/wp-json\/wp\/v2\/types\/product"}],"author":[{"embeddable":true,"href":"https:\/\/eqco.ca\/en\/wp-json\/wp\/v2\/users\/1"}],"wp:featuredmedia":[{"embeddable":true,"href":"https:\/\/eqco.ca\/en\/wp-json\/wp\/v2\/media\/7442"}],"wp:attachment":[{"href":"https:\/\/eqco.ca\/en\/wp-json\/wp\/v2\/media?parent=7112"}],"wp:term":[{"taxonomy":"product_brand","embeddable":true,"href":"https:\/\/eqco.ca\/en\/wp-json\/wp\/v2\/product_brand?post=7112"},{"taxonomy":"product_cat","embeddable":true,"href":"https:\/\/eqco.ca\/en\/wp-json\/wp\/v2\/product_cat?post=7112"},{"taxonomy":"product_tag","embeddable":true,"href":"https:\/\/eqco.ca\/en\/wp-json\/wp\/v2\/product_tag?post=7112"}],"curies":[{"name":"wp","href":"https:\/\/api.w.org\/{rel}","templated":true}]}}