{"id":8986,"date":"2026-03-27T16:22:25","date_gmt":"2026-03-27T16:22:25","guid":{"rendered":"https:\/\/eqco.ca\/?post_type=product&#038;p=8986"},"modified":"2026-03-27T16:49:31","modified_gmt":"2026-03-27T16:49:31","slug":"eqco-2026-billets-zenhouse","status":"publish","type":"product","link":"https:\/\/eqco.ca\/en\/product\/eqco-2026-billets-zenhouse\/","title":{"rendered":"EQCO 2026 zenhouse"},"content":{"rendered":"<div class=\"p-rich_text_section\">\n  <strong>IMPORTANT<\/strong><br \/>\n  Once the purchase is complete, please check your SPAM (junk emails) folder to retrieve your ticket and invoice.\n<\/div>\n<div class=\"p-rich_text_section\">\n  <strong>Program \u2013 EQCO 2026<\/strong>\n<\/div>\n<div class=\"p-rich_text_section\">\n  <strong>Welcome Brunch (1:30 pm \u2013 2:30 pm)<\/strong><br \/>\n  Enjoy a refined networking brunch with gourmet stations and a friendly atmosphere.<\/p>\n<p>  Opening address by <strong>Jean-Paul Mouradian<\/strong>, followed by a special presentation of<br \/>\n  <strong>France Goyet<\/strong>, representative of <em>The Evening of the Great Builders<\/em>.\n<\/div>\n<div class=\"p-rich_text_section\">\n  <strong>Conference Block \u2013 The Evolution of Construction in Quebec (2:30 p.m. \u2013 5:45 p.m.)<\/strong><br \/>\n  Seven inspiring talks presented by industry leaders, covering topics such as:<\/p>\n<p>  \u2022 <strong>Technological innovation and the integration of artificial intelligence<\/strong><br \/>\n  \u2022 <strong>Sustainability and eco-responsibility<\/strong><br \/>\n  \u2022 <strong>Leadership and excellence in project management<\/strong><\/p>\n<p>  Entertainment provided by <strong>Adam Reid<\/strong>, master of ceremonies for the event.\n<\/div>\n<div class=\"p-rich_text_section\">\n  <strong>Gourmet cocktail reception and networking evening (6:00 PM \u2013 midnight)<\/strong><br \/>\n  An elegant evening featuring a <strong>high-end cuisine<\/strong>,<br \/>\n  a <strong>musical ambiance<\/strong> and<br \/>\n  <strong>distinctive networking spaces<\/strong>.<\/p>\n<p>  A sophisticated experience where business and creativity meet, fostering lasting exchanges and inspiring collaborations.\n<\/p><\/div>\n<div class=\"p-rich_text_section\">\n  <strong>Ticketing Policy<\/strong><br \/>\n  All tickets purchased are <strong>final and non-refundable<\/strong>.<\/p>\n<p>  If the event were to be <strong>postponed<\/strong>, your tickets<br \/>\n  <strong>will automatically remain valid<\/strong> for the new date \u2014 no action required on your part.<\/p>\n<p>  Each ticket is <strong>personal and non-transferable<\/strong>.<br \/>\n  The person listed on the ticket must be present at the event.\n<\/div>","protected":false},"excerpt":{"rendered":"<p>IMPORTANT: Once the purchase is complete, please check your spam\/junk mail folder to retrieve your [\u2026]<\/p>","protected":false},"author":1,"featured_media":7107,"template":"","meta":{"_acf_changed":false},"product_brand":[],"product_cat":[15],"product_tag":[],"class_list":{"0":"post-8986","1":"product","2":"type-product","3":"status-publish","4":"has-post-thumbnail","6":"product_cat-non-classe","8":"first","9":"instock","10":"taxable","11":"shipping-taxable","12":"purchasable","13":"product-type-variable","14":"has-default-attributes"},"acf":[],"yoast_head":"<!-- This site is optimized with the Yoast SEO plugin v26.5 - https:\/\/yoast.com\/wordpress\/plugins\/seo\/ -->\n<title>EQCO 2026 zenhouse - EQCO 2026<\/title>\n<meta name=\"robots\" content=\"index, follow, max-snippet:-1, max-image-preview:large, max-video-preview:-1\" \/>\n<link rel=\"canonical\" href=\"https:\/\/eqco.ca\/en\/product\/eqco-2026-billets-zenhouse\/\" \/>\n<meta property=\"og:locale\" content=\"en_US\" \/>\n<meta property=\"og:type\" content=\"article\" \/>\n<meta property=\"og:title\" content=\"EQCO 2026 zenhouse - EQCO 2026\" \/>\n<meta property=\"og:description\" content=\"IMPORTANT Une fois l\u2019achat effectu\u00e9, veuillez v\u00e9rifier votre dossier SPAM (courriels&nbsp;ind\u00e9sirables) afin de r\u00e9cup\u00e9rer votre [&hellip;]\" \/>\n<meta property=\"og:url\" content=\"https:\/\/eqco.ca\/en\/product\/eqco-2026-billets-zenhouse\/\" \/>\n<meta property=\"og:site_name\" content=\"EQCO 2026\" \/>\n<meta property=\"article:publisher\" content=\"https:\/\/www.facebook.com\/evenementseqco\" \/>\n<meta property=\"article:modified_time\" content=\"2026-03-27T16:49:31+00:00\" \/>\n<meta property=\"og:image\" content=\"https:\/\/eqco.ca\/wp-content\/uploads\/2025\/11\/WhatsApp-Image-2025-11-01-a-20.06.17_c7e9eee6.jpg\" \/>\n\t<meta property=\"og:image:width\" content=\"1280\" \/>\n\t<meta property=\"og:image:height\" content=\"266\" \/>\n\t<meta property=\"og:image:type\" content=\"image\/jpeg\" \/>\n<meta name=\"twitter:card\" content=\"summary_large_image\" \/>\n<meta name=\"twitter:label1\" content=\"Est. reading time\" \/>\n\t<meta name=\"twitter:data1\" content=\"2 minutes\" \/>\n<script type=\"application\/ld+json\" class=\"yoast-schema-graph\">{\"@context\":\"https:\/\/schema.org\",\"@graph\":[{\"@type\":\"WebPage\",\"@id\":\"https:\/\/eqco.ca\/produit\/eqco-2026-billets-zenhouse\/\",\"url\":\"https:\/\/eqco.ca\/produit\/eqco-2026-billets-zenhouse\/\",\"name\":\"EQCO 2026 zenhouse - EQCO 2026\",\"isPartOf\":{\"@id\":\"https:\/\/eqco.ca\/#website\"},\"primaryImageOfPage\":{\"@id\":\"https:\/\/eqco.ca\/produit\/eqco-2026-billets-zenhouse\/#primaryimage\"},\"image\":{\"@id\":\"https:\/\/eqco.ca\/produit\/eqco-2026-billets-zenhouse\/#primaryimage\"},\"thumbnailUrl\":\"https:\/\/eqco.ca\/wp-content\/uploads\/2025\/11\/WhatsApp-Image-2025-11-01-a-20.06.17_c7e9eee6.jpg\",\"datePublished\":\"2026-03-27T16:22:25+00:00\",\"dateModified\":\"2026-03-27T16:49:31+00:00\",\"breadcrumb\":{\"@id\":\"https:\/\/eqco.ca\/produit\/eqco-2026-billets-zenhouse\/#breadcrumb\"},\"inLanguage\":\"en-US\",\"potentialAction\":[{\"@type\":\"ReadAction\",\"target\":[\"https:\/\/eqco.ca\/produit\/eqco-2026-billets-zenhouse\/\"]}]},{\"@type\":\"ImageObject\",\"inLanguage\":\"en-US\",\"@id\":\"https:\/\/eqco.ca\/produit\/eqco-2026-billets-zenhouse\/#primaryimage\",\"url\":\"https:\/\/eqco.ca\/wp-content\/uploads\/2025\/11\/WhatsApp-Image-2025-11-01-a-20.06.17_c7e9eee6.jpg\",\"contentUrl\":\"https:\/\/eqco.ca\/wp-content\/uploads\/2025\/11\/WhatsApp-Image-2025-11-01-a-20.06.17_c7e9eee6.jpg\",\"width\":1280,\"height\":266},{\"@type\":\"BreadcrumbList\",\"@id\":\"https:\/\/eqco.ca\/produit\/eqco-2026-billets-zenhouse\/#breadcrumb\",\"itemListElement\":[{\"@type\":\"ListItem\",\"position\":1,\"name\":\"Home\",\"item\":\"https:\/\/eqco.ca\/\"},{\"@type\":\"ListItem\",\"position\":2,\"name\":\"EQCO 2026 zenhouse\"}]},{\"@type\":\"WebSite\",\"@id\":\"https:\/\/eqco.ca\/#website\",\"url\":\"https:\/\/eqco.ca\/\",\"name\":\"EQCO 2026\",\"description\":\"\",\"publisher\":{\"@id\":\"https:\/\/eqco.ca\/#organization\"},\"potentialAction\":[{\"@type\":\"SearchAction\",\"target\":{\"@type\":\"EntryPoint\",\"urlTemplate\":\"https:\/\/eqco.ca\/?s={search_term_string}\"},\"query-input\":{\"@type\":\"PropertyValueSpecification\",\"valueRequired\":true,\"valueName\":\"search_term_string\"}}],\"inLanguage\":\"en-US\"},{\"@type\":\"Organization\",\"@id\":\"https:\/\/eqco.ca\/#organization\",\"name\":\"EQCO 2026\",\"url\":\"https:\/\/eqco.ca\/\",\"logo\":{\"@type\":\"ImageObject\",\"inLanguage\":\"en-US\",\"@id\":\"https:\/\/eqco.ca\/#\/schema\/logo\/image\/\",\"url\":\"https:\/\/eqco.ca\/wp-content\/uploads\/2025\/11\/eqco.png\",\"contentUrl\":\"https:\/\/eqco.ca\/wp-content\/uploads\/2025\/11\/eqco.png\",\"width\":1200,\"height\":600,\"caption\":\"EQCO 2026\"},\"image\":{\"@id\":\"https:\/\/eqco.ca\/#\/schema\/logo\/image\/\"},\"sameAs\":[\"https:\/\/www.facebook.com\/evenementseqco\"]}]}<\/script>\n<!-- \/ Yoast SEO plugin. -->","yoast_head_json":{"title":"EQCO 2026 zenhouse - EQCO 2026","robots":{"index":"index","follow":"follow","max-snippet":"max-snippet:-1","max-image-preview":"max-image-preview:large","max-video-preview":"max-video-preview:-1"},"canonical":"https:\/\/eqco.ca\/en\/product\/eqco-2026-billets-zenhouse\/","og_locale":"en_US","og_type":"article","og_title":"EQCO 2026 zenhouse - EQCO 2026","og_description":"IMPORTANT Une fois l\u2019achat effectu\u00e9, veuillez v\u00e9rifier votre dossier SPAM (courriels&nbsp;ind\u00e9sirables) afin de r\u00e9cup\u00e9rer votre [&hellip;]","og_url":"https:\/\/eqco.ca\/en\/product\/eqco-2026-billets-zenhouse\/","og_site_name":"EQCO 2026","article_publisher":"https:\/\/www.facebook.com\/evenementseqco","article_modified_time":"2026-03-27T16:49:31+00:00","og_image":[{"width":1280,"height":266,"url":"https:\/\/eqco.ca\/wp-content\/uploads\/2025\/11\/WhatsApp-Image-2025-11-01-a-20.06.17_c7e9eee6.jpg","type":"image\/jpeg"}],"twitter_card":"summary_large_image","twitter_misc":{"Est. reading time":"2 minutes"},"schema":{"@context":"https:\/\/schema.org","@graph":[{"@type":"WebPage","@id":"https:\/\/eqco.ca\/produit\/eqco-2026-billets-zenhouse\/","url":"https:\/\/eqco.ca\/produit\/eqco-2026-billets-zenhouse\/","name":"EQCO 2026 zenhouse - EQCO 2026","isPartOf":{"@id":"https:\/\/eqco.ca\/#website"},"primaryImageOfPage":{"@id":"https:\/\/eqco.ca\/produit\/eqco-2026-billets-zenhouse\/#primaryimage"},"image":{"@id":"https:\/\/eqco.ca\/produit\/eqco-2026-billets-zenhouse\/#primaryimage"},"thumbnailUrl":"https:\/\/eqco.ca\/wp-content\/uploads\/2025\/11\/WhatsApp-Image-2025-11-01-a-20.06.17_c7e9eee6.jpg","datePublished":"2026-03-27T16:22:25+00:00","dateModified":"2026-03-27T16:49:31+00:00","breadcrumb":{"@id":"https:\/\/eqco.ca\/produit\/eqco-2026-billets-zenhouse\/#breadcrumb"},"inLanguage":"en-US","potentialAction":[{"@type":"ReadAction","target":["https:\/\/eqco.ca\/produit\/eqco-2026-billets-zenhouse\/"]}]},{"@type":"ImageObject","inLanguage":"en-US","@id":"https:\/\/eqco.ca\/produit\/eqco-2026-billets-zenhouse\/#primaryimage","url":"https:\/\/eqco.ca\/wp-content\/uploads\/2025\/11\/WhatsApp-Image-2025-11-01-a-20.06.17_c7e9eee6.jpg","contentUrl":"https:\/\/eqco.ca\/wp-content\/uploads\/2025\/11\/WhatsApp-Image-2025-11-01-a-20.06.17_c7e9eee6.jpg","width":1280,"height":266},{"@type":"BreadcrumbList","@id":"https:\/\/eqco.ca\/produit\/eqco-2026-billets-zenhouse\/#breadcrumb","itemListElement":[{"@type":"ListItem","position":1,"name":"Home","item":"https:\/\/eqco.ca\/"},{"@type":"ListItem","position":2,"name":"EQCO 2026 zenhouse"}]},{"@type":"WebSite","@id":"https:\/\/eqco.ca\/#website","url":"https:\/\/eqco.ca\/","name":"EQCO 2026","description":"","publisher":{"@id":"https:\/\/eqco.ca\/#organization"},"potentialAction":[{"@type":"SearchAction","target":{"@type":"EntryPoint","urlTemplate":"https:\/\/eqco.ca\/?s={search_term_string}"},"query-input":{"@type":"PropertyValueSpecification","valueRequired":true,"valueName":"search_term_string"}}],"inLanguage":"en-US"},{"@type":"Organization","@id":"https:\/\/eqco.ca\/#organization","name":"EQCO 2026","url":"https:\/\/eqco.ca\/","logo":{"@type":"ImageObject","inLanguage":"en-US","@id":"https:\/\/eqco.ca\/#\/schema\/logo\/image\/","url":"https:\/\/eqco.ca\/wp-content\/uploads\/2025\/11\/eqco.png","contentUrl":"https:\/\/eqco.ca\/wp-content\/uploads\/2025\/11\/eqco.png","width":1200,"height":600,"caption":"EQCO 2026"},"image":{"@id":"https:\/\/eqco.ca\/#\/schema\/logo\/image\/"},"sameAs":["https:\/\/www.facebook.com\/evenementseqco"]}]}},"_links":{"self":[{"href":"https:\/\/eqco.ca\/en\/wp-json\/wp\/v2\/product\/8986","targetHints":{"allow":["GET"]}}],"collection":[{"href":"https:\/\/eqco.ca\/en\/wp-json\/wp\/v2\/product"}],"about":[{"href":"https:\/\/eqco.ca\/en\/wp-json\/wp\/v2\/types\/product"}],"author":[{"embeddable":true,"href":"https:\/\/eqco.ca\/en\/wp-json\/wp\/v2\/users\/1"}],"wp:featuredmedia":[{"embeddable":true,"href":"https:\/\/eqco.ca\/en\/wp-json\/wp\/v2\/media\/7107"}],"wp:attachment":[{"href":"https:\/\/eqco.ca\/en\/wp-json\/wp\/v2\/media?parent=8986"}],"wp:term":[{"taxonomy":"product_brand","embeddable":true,"href":"https:\/\/eqco.ca\/en\/wp-json\/wp\/v2\/product_brand?post=8986"},{"taxonomy":"product_cat","embeddable":true,"href":"https:\/\/eqco.ca\/en\/wp-json\/wp\/v2\/product_cat?post=8986"},{"taxonomy":"product_tag","embeddable":true,"href":"https:\/\/eqco.ca\/en\/wp-json\/wp\/v2\/product_tag?post=8986"}],"curies":[{"name":"wp","href":"https:\/\/api.w.org\/{rel}","templated":true}]}}